{"id":2037,"date":"2024-04-18T17:23:25","date_gmt":"2024-04-18T15:23:25","guid":{"rendered":"https:\/\/test.crossfit-lalouviere.com\/?page_id=2037"},"modified":"2024-04-23T08:11:42","modified_gmt":"2024-04-23T06:11:42","slug":"kids-teens","status":"publish","type":"page","link":"https:\/\/test.crossfit-lalouviere.com\/index.php\/kids-teens\/","title":{"rendered":"Kids &amp; Teens"},"content":{"rendered":"\t\t<div data-elementor-type=\"wp-page\" data-elementor-id=\"2037\" class=\"elementor elementor-2037\">\n\t\t\t\t<div class=\"elementor-element elementor-element-0793b5e e-flex e-con-boxed e-con e-parent\" data-id=\"0793b5e\" data-element_type=\"container\" data-settings=\"{&quot;background_background&quot;:&quot;classic&quot;}\">\n\t\t\t\t\t<div class=\"e-con-inner\">\n\t\t<div class=\"elementor-element elementor-element-9ddaf51 e-con-full e-flex e-con e-child\" data-id=\"9ddaf51\" data-element_type=\"container\">\n\t\t\t\t<div class=\"elementor-element elementor-element-9fadfc7 elementor-widget elementor-widget-heading\" data-id=\"9fadfc7\" data-element_type=\"widget\" data-widget_type=\"heading.default\">\n\t\t\t\t<div class=\"elementor-widget-container\">\n\t\t\t<style>\/*! elementor - v3.23.0 - 05-08-2024 *\/\n.elementor-heading-title{padding:0;margin:0;line-height:1}.elementor-widget-heading .elementor-heading-title[class*=elementor-size-]>a{color:inherit;font-size:inherit;line-height:inherit}.elementor-widget-heading .elementor-heading-title.elementor-size-small{font-size:15px}.elementor-widget-heading .elementor-heading-title.elementor-size-medium{font-size:19px}.elementor-widget-heading .elementor-heading-title.elementor-size-large{font-size:29px}.elementor-widget-heading .elementor-heading-title.elementor-size-xl{font-size:39px}.elementor-widget-heading .elementor-heading-title.elementor-size-xxl{font-size:59px}<\/style><h2 class=\"elementor-heading-title elementor-size-default\">Cours Kids & Teens<\/h2>\t\t<\/div>\n\t\t\t\t<\/div>\n\t\t\t\t<div class=\"elementor-element elementor-element-6c21313 elementor-widget-divider--view-line elementor-widget elementor-widget-divider\" data-id=\"6c21313\" data-element_type=\"widget\" data-widget_type=\"divider.default\">\n\t\t\t\t<div class=\"elementor-widget-container\">\n\t\t\t<style>\/*! elementor - v3.23.0 - 05-08-2024 *\/\n.elementor-widget-divider{--divider-border-style:none;--divider-border-width:1px;--divider-color:#0c0d0e;--divider-icon-size:20px;--divider-element-spacing:10px;--divider-pattern-height:24px;--divider-pattern-size:20px;--divider-pattern-url:none;--divider-pattern-repeat:repeat-x}.elementor-widget-divider .elementor-divider{display:flex}.elementor-widget-divider .elementor-divider__text{font-size:15px;line-height:1;max-width:95%}.elementor-widget-divider .elementor-divider__element{margin:0 var(--divider-element-spacing);flex-shrink:0}.elementor-widget-divider .elementor-icon{font-size:var(--divider-icon-size)}.elementor-widget-divider .elementor-divider-separator{display:flex;margin:0;direction:ltr}.elementor-widget-divider--view-line_icon .elementor-divider-separator,.elementor-widget-divider--view-line_text .elementor-divider-separator{align-items:center}.elementor-widget-divider--view-line_icon .elementor-divider-separator:after,.elementor-widget-divider--view-line_icon .elementor-divider-separator:before,.elementor-widget-divider--view-line_text .elementor-divider-separator:after,.elementor-widget-divider--view-line_text .elementor-divider-separator:before{display:block;content:\"\";border-block-end:0;flex-grow:1;border-block-start:var(--divider-border-width) var(--divider-border-style) var(--divider-color)}.elementor-widget-divider--element-align-left .elementor-divider .elementor-divider-separator>.elementor-divider__svg:first-of-type{flex-grow:0;flex-shrink:100}.elementor-widget-divider--element-align-left .elementor-divider-separator:before{content:none}.elementor-widget-divider--element-align-left .elementor-divider__element{margin-left:0}.elementor-widget-divider--element-align-right .elementor-divider .elementor-divider-separator>.elementor-divider__svg:last-of-type{flex-grow:0;flex-shrink:100}.elementor-widget-divider--element-align-right .elementor-divider-separator:after{content:none}.elementor-widget-divider--element-align-right .elementor-divider__element{margin-right:0}.elementor-widget-divider--element-align-start .elementor-divider .elementor-divider-separator>.elementor-divider__svg:first-of-type{flex-grow:0;flex-shrink:100}.elementor-widget-divider--element-align-start .elementor-divider-separator:before{content:none}.elementor-widget-divider--element-align-start .elementor-divider__element{margin-inline-start:0}.elementor-widget-divider--element-align-end .elementor-divider .elementor-divider-separator>.elementor-divider__svg:last-of-type{flex-grow:0;flex-shrink:100}.elementor-widget-divider--element-align-end .elementor-divider-separator:after{content:none}.elementor-widget-divider--element-align-end .elementor-divider__element{margin-inline-end:0}.elementor-widget-divider:not(.elementor-widget-divider--view-line_text):not(.elementor-widget-divider--view-line_icon) .elementor-divider-separator{border-block-start:var(--divider-border-width) var(--divider-border-style) var(--divider-color)}.elementor-widget-divider--separator-type-pattern{--divider-border-style:none}.elementor-widget-divider--separator-type-pattern.elementor-widget-divider--view-line .elementor-divider-separator,.elementor-widget-divider--separator-type-pattern:not(.elementor-widget-divider--view-line) .elementor-divider-separator:after,.elementor-widget-divider--separator-type-pattern:not(.elementor-widget-divider--view-line) .elementor-divider-separator:before,.elementor-widget-divider--separator-type-pattern:not([class*=elementor-widget-divider--view]) .elementor-divider-separator{width:100%;min-height:var(--divider-pattern-height);-webkit-mask-size:var(--divider-pattern-size) 100%;mask-size:var(--divider-pattern-size) 100%;-webkit-mask-repeat:var(--divider-pattern-repeat);mask-repeat:var(--divider-pattern-repeat);background-color:var(--divider-color);-webkit-mask-image:var(--divider-pattern-url);mask-image:var(--divider-pattern-url)}.elementor-widget-divider--no-spacing{--divider-pattern-size:auto}.elementor-widget-divider--bg-round{--divider-pattern-repeat:round}.rtl .elementor-widget-divider .elementor-divider__text{direction:rtl}.e-con-inner>.elementor-widget-divider,.e-con>.elementor-widget-divider{width:var(--container-widget-width,100%);--flex-grow:var(--container-widget-flex-grow)}<\/style>\t\t<div class=\"elementor-divider\">\n\t\t\t<span class=\"elementor-divider-separator\">\n\t\t\t\t\t\t<\/span>\n\t\t<\/div>\n\t\t\t\t<\/div>\n\t\t\t\t<\/div>\n\t\t<div class=\"elementor-element elementor-element-09a7b2e e-flex e-con-boxed e-con e-child\" data-id=\"09a7b2e\" data-element_type=\"container\">\n\t\t\t\t\t<div class=\"e-con-inner\">\n\t\t\t\t<div class=\"elementor-element elementor-element-0a59883 elementor-widget__width-initial elementor-widget elementor-widget-text-editor\" data-id=\"0a59883\" data-element_type=\"widget\" data-widget_type=\"text-editor.default\">\n\t\t\t\t<div class=\"elementor-widget-container\">\n\t\t\t<style>\/*! elementor - v3.23.0 - 05-08-2024 *\/\n.elementor-widget-text-editor.elementor-drop-cap-view-stacked .elementor-drop-cap{background-color:#69727d;color:#fff}.elementor-widget-text-editor.elementor-drop-cap-view-framed .elementor-drop-cap{color:#69727d;border:3px solid;background-color:transparent}.elementor-widget-text-editor:not(.elementor-drop-cap-view-default) .elementor-drop-cap{margin-top:8px}.elementor-widget-text-editor:not(.elementor-drop-cap-view-default) .elementor-drop-cap-letter{width:1em;height:1em}.elementor-widget-text-editor .elementor-drop-cap{float:left;text-align:center;line-height:1;font-size:50px}.elementor-widget-text-editor .elementor-drop-cap-letter{display:inline-block}<\/style>\t\t\t\t<p>\u00ab\u00a0Le sport pour nos enfants, un chemin vers la sant\u00e9 et la r\u00e9ussite future. Chaque pas, chaque effort, les pr\u00e9pare \u00e0 un avenir o\u00f9 ils peuvent briller. <strong>\u00bb<\/strong><\/p>\t\t\t\t\t\t<\/div>\n\t\t\t\t<\/div>\n\t\t\t\t\t<\/div>\n\t\t\t\t<\/div>\n\t\t\t\t<div class=\"elementor-element elementor-element-91cfe5e elementor-widget elementor-widget-image\" data-id=\"91cfe5e\" data-element_type=\"widget\" data-widget_type=\"image.default\">\n\t\t\t\t<div class=\"elementor-widget-container\">\n\t\t\t<style>\/*! elementor - v3.23.0 - 05-08-2024 *\/\n.elementor-widget-image{text-align:center}.elementor-widget-image a{display:inline-block}.elementor-widget-image a img[src$=\".svg\"]{width:48px}.elementor-widget-image img{vertical-align:middle;display:inline-block}<\/style>\t\t\t\t\t\t\t\t\t\t<img fetchpriority=\"high\" decoding=\"async\" width=\"932\" height=\"935\" src=\"https:\/\/test.crossfit-lalouviere.com\/wp-content\/uploads\/2024\/04\/kids.jpg\" class=\"attachment-large size-large wp-image-2039\" alt=\"\" srcset=\"https:\/\/test.crossfit-lalouviere.com\/wp-content\/uploads\/2024\/04\/kids.jpg 932w, https:\/\/test.crossfit-lalouviere.com\/wp-content\/uploads\/2024\/04\/kids-300x300.jpg 300w, https:\/\/test.crossfit-lalouviere.com\/wp-content\/uploads\/2024\/04\/kids-150x150.jpg 150w, https:\/\/test.crossfit-lalouviere.com\/wp-content\/uploads\/2024\/04\/kids-768x770.jpg 768w\" sizes=\"(max-width: 932px) 100vw, 932px\" \/>\t\t\t\t\t\t\t\t\t\t\t\t\t<\/div>\n\t\t\t\t<\/div>\n\t\t\t\t<\/div>\n\t\t<div class=\"elementor-element elementor-element-c2cd0eb e-con-full e-flex e-con e-child\" data-id=\"c2cd0eb\" data-element_type=\"container\">\n\t\t<div class=\"elementor-element elementor-element-bff927c e-flex e-con-boxed e-con e-child\" data-id=\"bff927c\" data-element_type=\"container\">\n\t\t\t\t\t<div class=\"e-con-inner\">\n\t\t\t\t<div class=\"elementor-element elementor-element-2175245 elementor-widget elementor-widget-text-editor\" data-id=\"2175245\" data-element_type=\"widget\" data-widget_type=\"text-editor.default\">\n\t\t\t\t<div class=\"elementor-widget-container\">\n\t\t\t\t\t\t\t<p style=\"text-align: left;\"><span style=\"font-family: verdana, geneva; font-size: 12pt;\"><span style=\"font-size: 14pt;\">Vos enfants ont d\u00e9sormais la possibilit\u00e9 de pratiquer le CrossFit, et ce, <span style=\"color: #19c6e1;\">d\u00e8s l\u2019\u00e2ge de 6 ans!<\/span><\/span><\/span><\/p>\n<p>Notre programmation est d\u00e9velopp\u00e9e de fa\u00e7on \u00e0 ce que <span style=\"color: #19c6e1;\">vos enfants prennent go\u00fbt \u00e0 l&rsquo;exercice physique<\/span> \u00e0 travers des mouvements fonctionnels pratiqu\u00e9s dans un <span style=\"color: #19c6e1;\">environnement s\u00e9curis\u00e9 et encadr\u00e9<\/span> par un coach qualifi\u00e9.<\/p>\n<p><span style=\"color: white;\">Nos cours sont en accord avec les stades de d\u00e9veloppement de l\u2019enfant\/adolescent,<\/span><br>c\u2019est pourquoi <span style=\"color: #19c6e1;\">les classes sont divis\u00e9es par tranche d\u2019\u00e2ge.<\/span><\/p>\n<p>Enfin, le CrossFit Kids\/Teens va au del\u00e0 du Fitness et de la sant\u00e9. De par le travail en groupe, le respect des r\u00e8gles, le respect des autres, l\u2019apprentissage des mouvements,\u2026<br><span style=\"color: #19c6e1;\">nous contribuons donc au d\u00e9veloppement personnel de chaque enfant.<\/span><\/p>\n<p><span style=\"text-decoration: underline; color: #19c6e1;\"><span style=\"text-decoration: underline;\"><strong>Pour les Kids de 6 \u00e0 11 ans<\/strong><\/span><\/span><\/p>\n<p>La priorit\u00e9 est mise sur le <span style=\"color: #19c6e1;\">FUN <\/span>! L\u2019enfant va \u00e9voluer en s\u2019amusant, apprendre \u00e0 bouger son corps dans l\u2019espace (sauter, courir, grimper\u2026), renforcer ses capacit\u00e9s cognitives et ses valeurs de vie \u00e0 travers le jeu : respect des consignes et des autres, esprit d\u2019\u00e9quipe, partage, coop\u00e9ration, confiance en soi.<\/p>\n<p><span style=\"text-decoration: underline; color: #19c6e1;\"><span style=\"text-decoration: underline;\"><strong>Pour les Teens de 12 \u00e0 16 ans<\/strong><\/span><\/span><\/p>\n<p>La priorit\u00e9 est mise sur la m\u00e9canique du <span style=\"color: #19c6e1;\">MOUVEMENT <\/span>! En introduisant des mouvements plus complexes,<br>nous nous rapprochons progressivement de la programmation propos\u00e9e aux adultes avec, bien entendu, une adaptation au niveau des charges. C&rsquo;est aussi renforcer des valeurs et r\u00e8gles de vie qui lui seront essentielles tout au long de sa vie professionnelle et priv\u00e9e.<\/p>\n<p><span style=\"color: #19c6e1;\"><strong>NOUS OFFRONS UN ESSAI GRATUIT A VOTRE ENFANT !<\/strong><\/span><\/p><p><span style=\"color: #19c6e1;\"><strong>Pour plus d&rsquo;informations sur les prix contactez-nous par mail ou t\u00e9l\u00e9phone.<\/strong><\/span><\/p>\t\t\t\t\t\t<\/div>\n\t\t\t\t<\/div>\n\t\t\t\t\t<\/div>\n\t\t\t\t<\/div>\n\t\t\t\t<\/div>\n\t\t\t\t\t<\/div>\n\t\t\t\t<\/div>\n\t\t\t\t<\/div>\n\t\t","protected":false},"excerpt":{"rendered":"<p>Cours Kids &#038; Teens \u00ab\u00a0Le sport pour nos enfants, un chemin vers la sant\u00e9 et la r\u00e9ussite future. Chaque pas, chaque effort, les pr\u00e9pare \u00e0 un avenir o\u00f9 ils peuvent briller. \u00bb Vos enfants ont d\u00e9sormais la possibilit\u00e9 de pratiquer le CrossFit, et ce, d\u00e8s l\u2019\u00e2ge de 6 ans! Notre programmation est d\u00e9velopp\u00e9e de fa\u00e7on [&hellip;]<\/p>\n","protected":false},"author":1,"featured_media":0,"parent":0,"menu_order":0,"comment_status":"closed","ping_status":"closed","template":"","meta":{"ocean_post_layout":"","ocean_both_sidebars_style":"","ocean_both_sidebars_content_width":0,"ocean_both_sidebars_sidebars_width":0,"ocean_sidebar":"","ocean_second_sidebar":"","ocean_disable_margins":"enable","ocean_add_body_class":"","ocean_shortcode_before_top_bar":"","ocean_shortcode_after_top_bar":"","ocean_shortcode_before_header":"","ocean_shortcode_after_header":"","ocean_has_shortcode":"","ocean_shortcode_after_title":"","ocean_shortcode_before_footer_widgets":"","ocean_shortcode_after_footer_widgets":"","ocean_shortcode_before_footer_bottom":"","ocean_shortcode_after_footer_bottom":"","ocean_display_top_bar":"default","ocean_display_header":"default","ocean_header_style":"","ocean_center_header_left_menu":"","ocean_custom_header_template":"","ocean_custom_logo":0,"ocean_custom_retina_logo":0,"ocean_custom_logo_max_width":0,"ocean_custom_logo_tablet_max_width":0,"ocean_custom_logo_mobile_max_width":0,"ocean_custom_logo_max_height":0,"ocean_custom_logo_tablet_max_height":0,"ocean_custom_logo_mobile_max_height":0,"ocean_header_custom_menu":"","ocean_menu_typo_font_family":"","ocean_menu_typo_font_subset":"","ocean_menu_typo_font_size":0,"ocean_menu_typo_font_size_tablet":0,"ocean_menu_typo_font_size_mobile":0,"ocean_menu_typo_font_size_unit":"px","ocean_menu_typo_font_weight":"","ocean_menu_typo_font_weight_tablet":"","ocean_menu_typo_font_weight_mobile":"","ocean_menu_typo_transform":"","ocean_menu_typo_transform_tablet":"","ocean_menu_typo_transform_mobile":"","ocean_menu_typo_line_height":0,"ocean_menu_typo_line_height_tablet":0,"ocean_menu_typo_line_height_mobile":0,"ocean_menu_typo_line_height_unit":"","ocean_menu_typo_spacing":0,"ocean_menu_typo_spacing_tablet":0,"ocean_menu_typo_spacing_mobile":0,"ocean_menu_typo_spacing_unit":"","ocean_menu_link_color":"","ocean_menu_link_color_hover":"","ocean_menu_link_color_active":"","ocean_menu_link_background":"","ocean_menu_link_hover_background":"","ocean_menu_link_active_background":"","ocean_menu_social_links_bg":"","ocean_menu_social_hover_links_bg":"","ocean_menu_social_links_color":"","ocean_menu_social_hover_links_color":"","ocean_disable_title":"default","ocean_disable_heading":"default","ocean_post_title":"","ocean_post_subheading":"","ocean_post_title_style":"","ocean_post_title_background_color":"","ocean_post_title_background":0,"ocean_post_title_bg_image_position":"","ocean_post_title_bg_image_attachment":"","ocean_post_title_bg_image_repeat":"","ocean_post_title_bg_image_size":"","ocean_post_title_height":0,"ocean_post_title_bg_overlay":0.5,"ocean_post_title_bg_overlay_color":"","ocean_disable_breadcrumbs":"default","ocean_breadcrumbs_color":"","ocean_breadcrumbs_separator_color":"","ocean_breadcrumbs_links_color":"","ocean_breadcrumbs_links_hover_color":"","ocean_display_footer_widgets":"default","ocean_display_footer_bottom":"default","ocean_custom_footer_template":"","omw_enable_modal_window":"enable","ofc_meta_disable_footer_callout":"on","ofc_meta_callout_button_url":"","ofc_meta_callout_button_txt":"","ofc_meta_callout_text":"","ofc_enable_fullscreen":"disable","ofc_fullscreen_speed":0,"ofc_fullscreen_nav":"enable","ofc_fullscreen_nav_pos":"right","ofc_fullscreen_nav_color":"","ofc_fullscreen_nav_tooltip_color":"","ofc_fullscreen_responsive":0,"osp_disable_panel":"default","osh_disable_topbar_sticky":"default","osh_disable_header_sticky":"default","osh_sticky_header_style":"default","osh_sticky_header_effect":"","osh_custom_sticky_logo":0,"osh_custom_retina_sticky_logo":0,"osh_custom_sticky_logo_height":0,"osh_background_color":"","osh_links_color":"","osh_links_hover_color":"","osh_links_active_color":"","osh_links_bg_color":"","osh_links_hover_bg_color":"","osh_links_active_bg_color":"","osh_menu_social_links_color":"","osh_menu_social_hover_links_color":"","footnotes":""},"class_list":["post-2037","page","type-page","status-publish","hentry","entry"],"_links":{"self":[{"href":"https:\/\/test.crossfit-lalouviere.com\/index.php\/wp-json\/wp\/v2\/pages\/2037","targetHints":{"allow":["GET"]}}],"collection":[{"href":"https:\/\/test.crossfit-lalouviere.com\/index.php\/wp-json\/wp\/v2\/pages"}],"about":[{"href":"https:\/\/test.crossfit-lalouviere.com\/index.php\/wp-json\/wp\/v2\/types\/page"}],"author":[{"embeddable":true,"href":"https:\/\/test.crossfit-lalouviere.com\/index.php\/wp-json\/wp\/v2\/users\/1"}],"replies":[{"embeddable":true,"href":"https:\/\/test.crossfit-lalouviere.com\/index.php\/wp-json\/wp\/v2\/comments?post=2037"}],"version-history":[{"count":26,"href":"https:\/\/test.crossfit-lalouviere.com\/index.php\/wp-json\/wp\/v2\/pages\/2037\/revisions"}],"predecessor-version":[{"id":2537,"href":"https:\/\/test.crossfit-lalouviere.com\/index.php\/wp-json\/wp\/v2\/pages\/2037\/revisions\/2537"}],"wp:attachment":[{"href":"https:\/\/test.crossfit-lalouviere.com\/index.php\/wp-json\/wp\/v2\/media?parent=2037"}],"curies":[{"name":"wp","href":"https:\/\/api.w.org\/{rel}","templated":true}]}}